{"id":2,"date":"2024-10-16T17:15:33","date_gmt":"2024-10-16T15:15:33","guid":{"rendered":"http:\/\/shooot-le-jeu.com\/?page_id=2"},"modified":"2024-10-23T10:51:18","modified_gmt":"2024-10-23T08:51:18","slug":"mentions-legales","status":"publish","type":"page","link":"https:\/\/shooot-le-jeu.com\/index.php\/mentions-legales\/","title":{"rendered":"Mentions l\u00e9gales"},"content":{"rendered":"\n<h3 class=\"wp-block-heading\">\u00c9DITEUR :<\/h3>\n\n\n\n<p>Le site \u00ab shooot-le-jeu.com \u00bb (ci-apr\u00e8s le Site) est \u00e9dit\u00e9 par la soci\u00e9t\u00e9 <strong>MD Activit\u00e9s (GO BIG GAMES)<\/strong>, SASU au capital de 1 000 euros, dont le si\u00e8ge social est situ\u00e9 au 21, Rue des Boers 44000 Nantes immatricul\u00e9e au registre du commerce et des soci\u00e9t\u00e9s de Nantes sous le num\u00e9ro RCS 950 742 692, repr\u00e9sent\u00e9e par M. Devanne en sa qualit\u00e9 de Pr\u00e9sident.<\/p>\n\n\n\n<ul class=\"wp-block-list\">\n<li><strong>N\u00b0 SIRET<\/strong> : 95074269200011<\/li>\n\n\n\n<li><strong>N\u00b0 d&rsquo;identification de TVA<\/strong> : FR27950742692<\/li>\n\n\n\n<li><strong>Adresse email<\/strong> : <a>contact@shooot-le-jeu.com<\/a><\/li>\n<\/ul>\n\n\n\n<h3 class=\"wp-block-heading\">DIRECTEUR DE LA PUBLICATION :<\/h3>\n\n\n\n<p>Mr Marcelin DEVANNE<\/p>\n\n\n\n<h3 class=\"wp-block-heading\">H\u00c9BERGEUR :<\/h3>\n\n\n\n<p><strong>OVH SAS<\/strong><br>2 rue Kellermann, 59100 Roubaix, France<br>Site internet : <a href=\"https:\/\/www.ovh.com\">https:\/\/www.ovh.com<\/a><\/p>\n\n\n\n<h3 class=\"wp-block-heading\">PROTECTION DES DONN\u00c9ES PERSONNELLES :<\/h3>\n\n\n\n<p>GO BIG GAMES attache une grande importance au respect de votre vie priv\u00e9e et \u00e0 la protection de vos donn\u00e9es personnelles. En tant que responsable du traitement des donn\u00e9es, GO BIG GAMES s\u2019engage \u00e0 respecter les dispositions de la Loi n\u00b078-17 du 6 janvier 1978, modifi\u00e9e, relative \u00e0 l\u2019informatique, aux fichiers et aux libert\u00e9s, ainsi que le R\u00e8glement G\u00e9n\u00e9ral sur la Protection des Donn\u00e9es (RGPD).<\/p>\n\n\n\n<p>Les donn\u00e9es personnelles collect\u00e9es via le Site (telles que l\u2019adresse e-mail, le nom, le pr\u00e9nom et les informations de connexion) servent principalement \u00e0 la gestion des comptes utilisateurs et \u00e0 l\u2019envoi de newsletters relatives aux nouveaut\u00e9s de GO BIG GAMES ou de ses partenaires.<\/p>\n\n\n\n<h3 class=\"wp-block-heading\">DROITS DE L&rsquo;UTILISATEUR :<\/h3>\n\n\n\n<p>Conform\u00e9ment \u00e0 la loi \u00ab Informatique et Libert\u00e9s \u00bb, vous disposez d&rsquo;un droit d&rsquo;acc\u00e8s, de rectification, de suppression, ainsi que d\u2019un droit d\u2019opposition au traitement des donn\u00e9es vous concernant. Vous pouvez \u00e9galement exercer ces droits en envoyant une demande \u00e9crite accompagn\u00e9e d&rsquo;une copie de votre pi\u00e8ce d&rsquo;identit\u00e9 \u00e0 l&rsquo;adresse suivante :<\/p>\n\n\n\n<p><strong>GO BIG GAMES<\/strong><br>(Service juridique)<br>21, Rue des Boers<br>44000 Nantes<\/p>\n\n\n\n<p>Vous pouvez \u00e9galement nous contacter par e-mail \u00e0 l&rsquo;adresse suivante : <strong><a>contact@shooot-le-jeu.com<\/a><\/strong><\/p>\n\n\n\n<p>GO BIG GAMES s&rsquo;engage \u00e0 r\u00e9pondre \u00e0 votre demande dans un d\u00e9lai de deux (2) mois \u00e0 compter de sa r\u00e9ception, \u00e0 condition que celle-ci soit suffisamment pr\u00e9cise et compl\u00e8te.<\/p>\n\n\n\n<h3 class=\"wp-block-heading\">COOKIES :<\/h3>\n\n\n\n<p>Le Site utilise des cookies pour am\u00e9liorer votre exp\u00e9rience de navigation. Vous avez la possibilit\u00e9 de refuser l\u2019utilisation des cookies en modifiant les param\u00e8tres de votre navigateur. Pour en savoir plus sur la gestion des cookies, consultez notre <strong>Politique de gestion des cookies<\/strong>.<\/p>\n\n\n\n<h3 class=\"wp-block-heading\">CONDITIONS G\u00c9N\u00c9RALES D\u2019UTILISATION (CGU) :<\/h3>\n\n\n\n<p>L&rsquo;acc\u00e8s et l&rsquo;utilisation du site \u00ab shooot-le-jeu.com \u00bb sont soumis aux pr\u00e9sentes conditions g\u00e9n\u00e9rales d\u2019utilisation, que vous acceptez pleinement en consultant ce site. GO BIG GAMES ne saurait \u00eatre tenue pour responsable en cas d&rsquo;inexactitude ou d&rsquo;omission dans les informations fournies, ou de tout dommage r\u00e9sultant de l&rsquo;utilisation du site.<\/p>\n\n\n\n<p><\/p>\n","protected":false},"excerpt":{"rendered":"<p>\u00c9DITEUR : Le site \u00ab shooot-le-jeu.com \u00bb (ci-apr\u00e8s le Site) est \u00e9dit\u00e9 par la soci\u00e9t\u00e9 MD Activit\u00e9s (GO BIG GAMES), SASU au capital de 1 000 euros, dont le si\u00e8ge social est situ\u00e9 au 21, Rue des Boers 44000 Nantes immatricul\u00e9e au registre du commerce et des soci\u00e9t\u00e9s de Nantes sous le num\u00e9ro RCS 950 [&hellip;]<\/p>\n","protected":false},"author":1,"featured_media":0,"parent":0,"menu_order":0,"comment_status":"closed","ping_status":"open","template":"","meta":{"_uag_custom_page_level_css":"","_swt_meta_header_display":false,"_swt_meta_footer_display":false,"_swt_meta_site_title_display":false,"_swt_meta_sticky_header":false,"_swt_meta_transparent_header":false,"footnotes":""},"class_list":["post-2","page","type-page","status-publish","hentry"],"yoast_head":"<!-- This site is optimized with the Yoast SEO plugin v23.9 - https:\/\/yoast.com\/wordpress\/plugins\/seo\/ -->\n<title>Mentions l\u00e9gales - Shooot<\/title>\n<meta name=\"robots\" content=\"index, follow, max-snippet:-1, max-image-preview:large, max-video-preview:-1\" \/>\n<link rel=\"canonical\" href=\"https:\/\/shooot-le-jeu.com\/index.php\/mentions-legales\/\" \/>\n<meta property=\"og:locale\" content=\"fr_FR\" \/>\n<meta property=\"og:type\" content=\"article\" \/>\n<meta property=\"og:title\" content=\"Mentions l\u00e9gales - Shooot\" \/>\n<meta property=\"og:description\" content=\"\u00c9DITEUR : Le site \u00ab shooot-le-jeu.com \u00bb (ci-apr\u00e8s le Site) est \u00e9dit\u00e9 par la soci\u00e9t\u00e9 MD Activit\u00e9s (GO BIG GAMES), SASU au capital de 1 000 euros, dont le si\u00e8ge social est situ\u00e9 au 21, Rue des Boers 44000 Nantes immatricul\u00e9e au registre du commerce et des soci\u00e9t\u00e9s de Nantes sous le num\u00e9ro RCS 950 [&hellip;]\" \/>\n<meta property=\"og:url\" content=\"https:\/\/shooot-le-jeu.com\/index.php\/mentions-legales\/\" \/>\n<meta property=\"og:site_name\" content=\"Shooot\" \/>\n<meta property=\"article:modified_time\" content=\"2024-10-23T08:51:18+00:00\" \/>\n<meta property=\"og:image\" content=\"https:\/\/shooot-le-jeu.com\/wp-content\/uploads\/2024\/10\/Compo-4.png\" \/>\n\t<meta property=\"og:image:width\" content=\"840\" \/>\n\t<meta property=\"og:image:height\" content=\"619\" \/>\n\t<meta property=\"og:image:type\" content=\"image\/png\" \/>\n<meta name=\"twitter:card\" content=\"summary_large_image\" \/>\n<meta name=\"twitter:label1\" content=\"Dur\u00e9e de lecture estim\u00e9e\" \/>\n\t<meta name=\"twitter:data1\" content=\"2 minutes\" \/>\n<script type=\"application\/ld+json\" class=\"yoast-schema-graph\">{\"@context\":\"https:\/\/schema.org\",\"@graph\":[{\"@type\":\"WebPage\",\"@id\":\"https:\/\/shooot-le-jeu.com\/index.php\/mentions-legales\/\",\"url\":\"https:\/\/shooot-le-jeu.com\/index.php\/mentions-legales\/\",\"name\":\"Mentions l\u00e9gales - Shooot\",\"isPartOf\":{\"@id\":\"https:\/\/shooot-le-jeu.com\/#website\"},\"datePublished\":\"2024-10-16T15:15:33+00:00\",\"dateModified\":\"2024-10-23T08:51:18+00:00\",\"breadcrumb\":{\"@id\":\"https:\/\/shooot-le-jeu.com\/index.php\/mentions-legales\/#breadcrumb\"},\"inLanguage\":\"fr-FR\",\"potentialAction\":[{\"@type\":\"ReadAction\",\"target\":[\"https:\/\/shooot-le-jeu.com\/index.php\/mentions-legales\/\"]}]},{\"@type\":\"BreadcrumbList\",\"@id\":\"https:\/\/shooot-le-jeu.com\/index.php\/mentions-legales\/#breadcrumb\",\"itemListElement\":[{\"@type\":\"ListItem\",\"position\":1,\"name\":\"Accueil\",\"item\":\"https:\/\/shooot-le-jeu.com\/\"},{\"@type\":\"ListItem\",\"position\":2,\"name\":\"Mentions l\u00e9gales\"}]},{\"@type\":\"WebSite\",\"@id\":\"https:\/\/shooot-le-jeu.com\/#website\",\"url\":\"https:\/\/shooot-le-jeu.com\/\",\"name\":\"Shooot - Le jeu le plus fooot !\",\"description\":\"Le jeu le plus fooot !\",\"publisher\":{\"@id\":\"https:\/\/shooot-le-jeu.com\/#organization\"},\"alternateName\":\"Shooot\",\"potentialAction\":[{\"@type\":\"SearchAction\",\"target\":{\"@type\":\"EntryPoint\",\"urlTemplate\":\"https:\/\/shooot-le-jeu.com\/?s={search_term_string}\"},\"query-input\":{\"@type\":\"PropertyValueSpecification\",\"valueRequired\":true,\"valueName\":\"search_term_string\"}}],\"inLanguage\":\"fr-FR\"},{\"@type\":\"Organization\",\"@id\":\"https:\/\/shooot-le-jeu.com\/#organization\",\"name\":\"Jeu de cartes Shooot\",\"alternateName\":\"Shooot\",\"url\":\"https:\/\/shooot-le-jeu.com\/\",\"logo\":{\"@type\":\"ImageObject\",\"inLanguage\":\"fr-FR\",\"@id\":\"https:\/\/shooot-le-jeu.com\/#\/schema\/logo\/image\/\",\"url\":\"https:\/\/shooot-le-jeu.com\/wp-content\/uploads\/2024\/10\/Logo-Shooot-with-players.png\",\"contentUrl\":\"https:\/\/shooot-le-jeu.com\/wp-content\/uploads\/2024\/10\/Logo-Shooot-with-players.png\",\"width\":1280,\"height\":1280,\"caption\":\"Jeu de cartes Shooot\"},\"image\":{\"@id\":\"https:\/\/shooot-le-jeu.com\/#\/schema\/logo\/image\/\"},\"sameAs\":[\"https:\/\/www.instagram.com\/shooot_le_jeu\"]}]}<\/script>\n<!-- \/ Yoast SEO plugin. -->","yoast_head_json":{"title":"Mentions l\u00e9gales - Shooot","robots":{"index":"index","follow":"follow","max-snippet":"max-snippet:-1","max-image-preview":"max-image-preview:large","max-video-preview":"max-video-preview:-1"},"canonical":"https:\/\/shooot-le-jeu.com\/index.php\/mentions-legales\/","og_locale":"fr_FR","og_type":"article","og_title":"Mentions l\u00e9gales - Shooot","og_description":"\u00c9DITEUR : Le site \u00ab shooot-le-jeu.com \u00bb (ci-apr\u00e8s le Site) est \u00e9dit\u00e9 par la soci\u00e9t\u00e9 MD Activit\u00e9s (GO BIG GAMES), SASU au capital de 1 000 euros, dont le si\u00e8ge social est situ\u00e9 au 21, Rue des Boers 44000 Nantes immatricul\u00e9e au registre du commerce et des soci\u00e9t\u00e9s de Nantes sous le num\u00e9ro RCS 950 [&hellip;]","og_url":"https:\/\/shooot-le-jeu.com\/index.php\/mentions-legales\/","og_site_name":"Shooot","article_modified_time":"2024-10-23T08:51:18+00:00","og_image":[{"width":840,"height":619,"url":"https:\/\/shooot-le-jeu.com\/wp-content\/uploads\/2024\/10\/Compo-4.png","type":"image\/png"}],"twitter_card":"summary_large_image","twitter_misc":{"Dur\u00e9e de lecture estim\u00e9e":"2 minutes"},"schema":{"@context":"https:\/\/schema.org","@graph":[{"@type":"WebPage","@id":"https:\/\/shooot-le-jeu.com\/index.php\/mentions-legales\/","url":"https:\/\/shooot-le-jeu.com\/index.php\/mentions-legales\/","name":"Mentions l\u00e9gales - Shooot","isPartOf":{"@id":"https:\/\/shooot-le-jeu.com\/#website"},"datePublished":"2024-10-16T15:15:33+00:00","dateModified":"2024-10-23T08:51:18+00:00","breadcrumb":{"@id":"https:\/\/shooot-le-jeu.com\/index.php\/mentions-legales\/#breadcrumb"},"inLanguage":"fr-FR","potentialAction":[{"@type":"ReadAction","target":["https:\/\/shooot-le-jeu.com\/index.php\/mentions-legales\/"]}]},{"@type":"BreadcrumbList","@id":"https:\/\/shooot-le-jeu.com\/index.php\/mentions-legales\/#breadcrumb","itemListElement":[{"@type":"ListItem","position":1,"name":"Accueil","item":"https:\/\/shooot-le-jeu.com\/"},{"@type":"ListItem","position":2,"name":"Mentions l\u00e9gales"}]},{"@type":"WebSite","@id":"https:\/\/shooot-le-jeu.com\/#website","url":"https:\/\/shooot-le-jeu.com\/","name":"Shooot - Le jeu le plus fooot !","description":"Le jeu le plus fooot !","publisher":{"@id":"https:\/\/shooot-le-jeu.com\/#organization"},"alternateName":"Shooot","potentialAction":[{"@type":"SearchAction","target":{"@type":"EntryPoint","urlTemplate":"https:\/\/shooot-le-jeu.com\/?s={search_term_string}"},"query-input":{"@type":"PropertyValueSpecification","valueRequired":true,"valueName":"search_term_string"}}],"inLanguage":"fr-FR"},{"@type":"Organization","@id":"https:\/\/shooot-le-jeu.com\/#organization","name":"Jeu de cartes Shooot","alternateName":"Shooot","url":"https:\/\/shooot-le-jeu.com\/","logo":{"@type":"ImageObject","inLanguage":"fr-FR","@id":"https:\/\/shooot-le-jeu.com\/#\/schema\/logo\/image\/","url":"https:\/\/shooot-le-jeu.com\/wp-content\/uploads\/2024\/10\/Logo-Shooot-with-players.png","contentUrl":"https:\/\/shooot-le-jeu.com\/wp-content\/uploads\/2024\/10\/Logo-Shooot-with-players.png","width":1280,"height":1280,"caption":"Jeu de cartes Shooot"},"image":{"@id":"https:\/\/shooot-le-jeu.com\/#\/schema\/logo\/image\/"},"sameAs":["https:\/\/www.instagram.com\/shooot_le_jeu"]}]}},"spectra_custom_meta":{"_wp_page_template":["default"],"_edit_lock":["1729673340:1"],"_uag_page_assets":["a:9:{s:3:\"css\";s:263:\".uag-blocks-common-selector{z-index:var(--z-index-desktop) !important}@media (max-width: 976px){.uag-blocks-common-selector{z-index:var(--z-index-tablet) !important}}@media (max-width: 767px){.uag-blocks-common-selector{z-index:var(--z-index-mobile) !important}}\n\";s:2:\"js\";s:0:\"\";s:18:\"current_block_list\";a:32:{i:0;s:10:\"core\/group\";i:2;s:10:\"core\/image\";i:4;s:15:\"core\/navigation\";i:5;s:12:\"core\/buttons\";i:6;s:11:\"core\/button\";i:8;s:16:\"core\/query-title\";i:9;s:21:\"core\/term-description\";i:11;s:10:\"core\/query\";i:12;s:18:\"core\/post-template\";i:13;s:24:\"core\/post-featured-image\";i:15;s:15:\"core\/post-terms\";i:16;s:15:\"core\/post-title\";i:18;s:16:\"core\/post-author\";i:19;s:14:\"core\/paragraph\";i:20;s:14:\"core\/post-date\";i:21;s:21:\"core\/query-pagination\";i:22;s:30:\"core\/query-pagination-previous\";i:23;s:29:\"core\/query-pagination-numbers\";i:24;s:26:\"core\/query-pagination-next\";i:26;s:12:\"core\/columns\";i:27;s:11:\"core\/column\";i:28;s:17:\"core\/social-links\";i:29;s:16:\"core\/social-link\";i:30;s:15:\"core\/site-title\";i:31;s:12:\"core\/heading\";i:32;s:9:\"core\/list\";i:33;s:14:\"core\/list-item\";i:34;s:11:\"core\/search\";i:35;s:17:\"core\/latest-posts\";i:36;s:20:\"core\/latest-comments\";i:37;s:13:\"core\/archives\";i:38;s:15:\"core\/categories\";}s:8:\"uag_flag\";b:0;s:11:\"uag_version\";s:10:\"1734443906\";s:6:\"gfonts\";a:0:{}s:10:\"gfonts_url\";s:0:\"\";s:12:\"gfonts_files\";a:0:{}s:14:\"uag_faq_layout\";b:0;}"],"_uag_css_file_name":["uag-css-2.css"]},"uagb_featured_image_src":{"full":false,"thumbnail":false,"medium":false,"medium_large":false,"large":false,"1536x1536":false,"2048x2048":false},"uagb_author_info":{"display_name":"admin1362","author_link":"https:\/\/shooot-le-jeu.com\/index.php\/author\/admin1362\/"},"uagb_comment_info":0,"uagb_excerpt":"\u00c9DITEUR : Le site \u00ab shooot-le-jeu.com \u00bb (ci-apr\u00e8s le Site) est \u00e9dit\u00e9 par la soci\u00e9t\u00e9 MD Activit\u00e9s (GO BIG GAMES), SASU au capital de 1 000 euros, dont le si\u00e8ge social est situ\u00e9 au 21, Rue des Boers 44000 Nantes immatricul\u00e9e au registre du commerce et des soci\u00e9t\u00e9s de Nantes sous le num\u00e9ro RCS 950\u2026","_links":{"self":[{"href":"https:\/\/shooot-le-jeu.com\/index.php\/wp-json\/wp\/v2\/pages\/2","targetHints":{"allow":["GET"]}}],"collection":[{"href":"https:\/\/shooot-le-jeu.com\/index.php\/wp-json\/wp\/v2\/pages"}],"about":[{"href":"https:\/\/shooot-le-jeu.com\/index.php\/wp-json\/wp\/v2\/types\/page"}],"author":[{"embeddable":true,"href":"https:\/\/shooot-le-jeu.com\/index.php\/wp-json\/wp\/v2\/users\/1"}],"replies":[{"embeddable":true,"href":"https:\/\/shooot-le-jeu.com\/index.php\/wp-json\/wp\/v2\/comments?post=2"}],"version-history":[{"count":1,"href":"https:\/\/shooot-le-jeu.com\/index.php\/wp-json\/wp\/v2\/pages\/2\/revisions"}],"predecessor-version":[{"id":69,"href":"https:\/\/shooot-le-jeu.com\/index.php\/wp-json\/wp\/v2\/pages\/2\/revisions\/69"}],"wp:attachment":[{"href":"https:\/\/shooot-le-jeu.com\/index.php\/wp-json\/wp\/v2\/media?parent=2"}],"curies":[{"name":"wp","href":"https:\/\/api.w.org\/{rel}","templated":true}]}}